{"id":1148,"date":"2020-04-17T07:44:42","date_gmt":"2020-04-17T05:44:42","guid":{"rendered":"https:\/\/bsa.mintmedias.no\/?page_id=1148"},"modified":"2022-05-31T10:05:46","modified_gmt":"2022-05-31T08:05:46","slug":"hjem","status":"publish","type":"page","link":"https:\/\/bsa.mintmedias.no\/nb\/","title":{"rendered":"BSA"},"content":{"rendered":"<div class=\"wp-container-6 wp-block-columns alignfull\">\n<div class=\"wp-container-5 wp-block-column\" style=\"flex-basis:100%\">\n<div class=\"wp-block-cover alignfull is-light\" style=\"min-height:800px\"><span aria-hidden=\"true\" class=\"wp-block-cover__background has-black-background-color has-background-dim-40 has-background-dim\"><\/span><img loading=\"lazy\" width=\"1920\" height=\"2560\" class=\"wp-block-cover__image-background wp-image-1943\" alt=\"\" src=\"https:\/\/bsa.mintmedias.no\/wp-content\/uploads\/2021\/12\/P_20210922_073806-scaled-e1639054693750.jpg\" style=\"object-position:41% 32%\" data-object-fit=\"cover\" data-object-position=\"41% 32%\" srcset=\"https:\/\/bsa.mintmedias.no\/wp-content\/uploads\/2021\/12\/P_20210922_073806-scaled-e1639054693750.jpg 1920w, https:\/\/bsa.mintmedias.no\/wp-content\/uploads\/2021\/12\/P_20210922_073806-scaled-e1639054693750-225x300.jpg 225w, https:\/\/bsa.mintmedias.no\/wp-content\/uploads\/2021\/12\/P_20210922_073806-scaled-e1639054693750-768x1024.jpg 768w, https:\/\/bsa.mintmedias.no\/wp-content\/uploads\/2021\/12\/P_20210922_073806-scaled-e1639054693750-1152x1536.jpg 1152w, https:\/\/bsa.mintmedias.no\/wp-content\/uploads\/2021\/12\/P_20210922_073806-scaled-e1639054693750-1536x2048.jpg 1536w\" sizes=\"(max-width: 1920px) 100vw, 1920px\"><div class=\"wp-block-cover__inner-container\">\n<div style=\"height:9px\" aria-hidden=\"true\" class=\"wp-block-spacer\"><\/div>\n\n\n\n<div class=\"wp-container-4 wp-block-columns\">\n<div class=\"wp-container-1 wp-block-column\" style=\"flex-basis:10%\"><\/div>\n\n\n\n<div class=\"wp-container-3 wp-block-column\" style=\"flex-basis:95%\">\n<h1 class=\"has-text-align-left has-white-color has-text-color\" id=\"bsa-offshore\" style=\"font-size:70px;font-style:normal;font-weight:700;text-transform:uppercase\">bsa offshore<\/h1>\n\n\n\n<hr class=\"wp-block-separator has-text-color has-white-color has-css-opacity has-white-background-color has-background\"\/>\n\n\n\n<p class=\"has-text-align-left hero-paragraph has-white-color has-text-color\" style=\"font-size:24px;font-style:normal;font-weight:600\">Our goal is to emerge as a provider of <br>services to the Offshore\/Subsea markets<\/p>\n\n\n\n<div class=\"wp-container-2 is-horizontal is-content-justification-left wp-block-buttons\">\n<div class=\"wp-block-button\"><a class=\"wp-block-button__link\">Tjenester<\/a><\/div>\n\n\n\n<div class=\"wp-block-button\"><a class=\"wp-block-button__link\" style=\"border-radius:8px\">Kontakt<\/a><\/div>\n<\/div>\n\n\n\n<div style=\"height:50px\" aria-hidden=\"true\" class=\"wp-block-spacer\"><\/div>\n<\/div>\n<\/div>\n<\/div><\/div>\n<\/div>\n<\/div>\n\n\n\n<div style=\"height:70px\" aria-hidden=\"true\" class=\"wp-block-spacer\"><\/div>\n\n\n\n<div class=\"wp-container-9 wp-block-columns\">\n<div class=\"wp-container-8 wp-block-column\" style=\"flex-basis:66.66%\">\n<p style=\"font-size:14px;font-style:normal;font-weight:100;text-transform:uppercase\">V\u00e5re tjenester<\/p>\n\n\n\n<p class=\"has-medium-font-size\" style=\"font-style:normal;font-weight:600\">BSA Offshore er et uavhengig konsulentselskap som leverer tjenester til offshore, subsea og maritim industri. Selskapets grunnleggere, ledere og n\u00f8kkelpersonell har mer enn 30 \u00e5rs erfaring fra offshore, subsea og maritim industri.&nbsp;<\/p>\n\n\n\n<div class=\"wp-container-7 wp-block-buttons\">\n<div class=\"wp-block-button\"><a class=\"wp-block-button__link\" href=\"https:\/\/bsa.mintmedias.no\/nb\/services\/\">V\u00e5re tjenester<\/a><\/div>\n<\/div>\n<\/div>\n<\/div>\n\n\n\n<div style=\"height:70px\" aria-hidden=\"true\" class=\"wp-block-spacer\"><\/div>\n\n\n\n<div class=\"wp-block-cover alignfull is-light has-parallax\" style=\"background-image:url(https:\/\/bsa.mintmedias.no\/wp-content\/uploads\/2021\/12\/BSA-forside-utkast-e1638447142729.jpg)\"><span aria-hidden=\"true\" class=\"wp-block-cover__background has-background-dim-0 has-background-dim\"><\/span><div class=\"wp-block-cover__inner-container\">\n<p class=\"has-text-align-center has-large-font-size\"><\/p>\n<\/div><\/div>\n\n\n\n<div style=\"height:70px\" aria-hidden=\"true\" class=\"wp-block-spacer\"><\/div>\n\n\n\n<div class=\"wp-container-11 wp-block-columns\">\n<div class=\"wp-container-10 wp-block-column\" style=\"flex-basis:66.66%\">\n<p style=\"font-size:14px;font-style:normal;font-weight:100;text-transform:uppercase\">vi tilbyr spesialisttjenester<\/p>\n\n\n\n<p class=\"has-medium-font-size\" style=\"font-style:normal;font-weight:600\">BSA Offshore AS tilbyr spesialisttjenester og konsulenter innenfor en rekke kategorier og stillinger. Alle listede kategorier er avhengig av tilgjengelighet.<\/p>\n<\/div>\n<\/div>\n\n\n\n<div class=\"wp-container-20 wp-block-columns\">\n<div class=\"wp-container-19 wp-block-column\">\n<div class=\"wp-container-18 wp-block-columns\">\n<div class=\"wp-container-13 wp-block-column\">\n<div class=\"wp-block-stackable-card is-style-default stk-block-card stk-block stk-d2ee3b6\" data-block-id=\"d2ee3b6\"><style>.stk-d2ee3b6 .stk-block-card__image{height:400px !important}<\/style><div class=\"stk--no-padding stk-container stk-d2ee3b6-container stk--no-background stk--no-padding\"><figure class=\"stk-block-card__image stk-img-wrapper stk-image--shape-stretch\"><img loading=\"lazy\" class=\"stk-img wp-image-1797\" src=\"https:\/\/bsa.mintmedias.no\/wp-content\/uploads\/2021\/12\/IMG_7313.jpg\" width=\"1946\" height=\"1627\" alt=\"BSA workers on deck offshore \" srcset=\"https:\/\/bsa.mintmedias.no\/wp-content\/uploads\/2021\/12\/IMG_7313.jpg 1946w, https:\/\/bsa.mintmedias.no\/wp-content\/uploads\/2021\/12\/IMG_7313-300x251.jpg 300w, https:\/\/bsa.mintmedias.no\/wp-content\/uploads\/2021\/12\/IMG_7313-1024x856.jpg 1024w, https:\/\/bsa.mintmedias.no\/wp-content\/uploads\/2021\/12\/IMG_7313-768x642.jpg 768w, https:\/\/bsa.mintmedias.no\/wp-content\/uploads\/2021\/12\/IMG_7313-1536x1284.jpg 1536w\" sizes=\"(max-width: 1946px) 100vw, 1946px\" \/><\/figure><div class=\"stk-block-card__content\"><div class=\"stk-block-content stk-inner-blocks\">\n<h2 id=\"services\" style=\"font-style:normal;font-weight:600;text-transform:uppercase\">Tjenester<\/h2>\n\n\n\n<p class=\"has-normal-font-size\">BSA Offshore AS tilbyr spesialisttjenester og konsulenter innenfor en rekke kategorier og stillinger. <\/p>\n\n\n\n<div class=\"wp-container-12 wp-block-buttons\">\n<div class=\"wp-block-button\"><a class=\"wp-block-button__link\" href=\"https:\/\/bsa.mintmedias.no\/nb\/services\/\">Tjenester<\/a><\/div>\n<\/div>\n<\/div><\/div><\/div><\/div>\n<\/div>\n\n\n\n<div class=\"wp-container-15 wp-block-column\">\n<div class=\"wp-block-stackable-card is-style-default stk-block-card stk-block stk-3661464\" data-block-id=\"3661464\"><style>.stk-3661464 .stk-block-card__image{height:400px !important}<\/style><div class=\"stk--no-padding stk-container stk-3661464-container stk--no-background stk--no-padding\"><figure class=\"stk-block-card__image stk-img-wrapper stk-image--shape-stretch\"><img loading=\"lazy\" class=\"stk-img wp-image-1795\" src=\"https:\/\/bsa.mintmedias.no\/wp-content\/uploads\/2021\/12\/DSC_8348-scaled.jpg\" width=\"2560\" height=\"1625\" alt=\"BSA worker on deck offshore\" srcset=\"https:\/\/bsa.mintmedias.no\/wp-content\/uploads\/2021\/12\/DSC_8348-scaled.jpg 2560w, https:\/\/bsa.mintmedias.no\/wp-content\/uploads\/2021\/12\/DSC_8348-300x190.jpg 300w, https:\/\/bsa.mintmedias.no\/wp-content\/uploads\/2021\/12\/DSC_8348-1024x650.jpg 1024w, https:\/\/bsa.mintmedias.no\/wp-content\/uploads\/2021\/12\/DSC_8348-768x487.jpg 768w, https:\/\/bsa.mintmedias.no\/wp-content\/uploads\/2021\/12\/DSC_8348-1536x975.jpg 1536w, https:\/\/bsa.mintmedias.no\/wp-content\/uploads\/2021\/12\/DSC_8348-2048x1300.jpg 2048w\" sizes=\"(max-width: 2560px) 100vw, 2560px\" \/><\/figure><div class=\"stk-block-card__content\"><div class=\"stk-block-content stk-inner-blocks\">\n<h2 id=\"career\" style=\"font-style:normal;font-weight:600;text-transform:uppercase\">Karriere<\/h2>\n\n\n\n<div class=\"wp-block-stackable-text stk-block-text stk-block stk-7c5b69b\" data-block-id=\"7c5b69b\"><p class=\"stk-block-text__text\">For kommende prosjekter i norske og britiske farvann har vi ledige stillinger for erfarent personell&nbsp;<\/p><\/div>\n\n\n\n<div class=\"wp-container-14 wp-block-buttons\">\n<div class=\"wp-block-button\"><a class=\"wp-block-button__link\" href=\"https:\/\/bsa.mintmedias.no\/nb\/careers\/\">Karriere<\/a><\/div>\n<\/div>\n<\/div><\/div><\/div><\/div>\n<\/div>\n\n\n\n<div class=\"wp-container-17 wp-block-column\">\n<div class=\"wp-block-stackable-card is-style-default stk-block-card stk-block stk-042b2b5\" data-block-id=\"042b2b5\"><style>.stk-042b2b5 .stk-block-card__image{height:400px !important}<\/style><div class=\"stk--no-padding stk-container stk-042b2b5-container stk--no-background stk--no-padding\"><figure class=\"stk-block-card__image stk-img-wrapper stk-image--shape-stretch\"><img loading=\"lazy\" class=\"stk-img wp-image-1796\" src=\"https:\/\/bsa.mintmedias.no\/wp-content\/uploads\/2021\/12\/IMG_7312_edited.jpg\" width=\"1649\" height=\"1086\" alt=\"BSA offshore engineer working on a project\" srcset=\"https:\/\/bsa.mintmedias.no\/wp-content\/uploads\/2021\/12\/IMG_7312_edited.jpg 1649w, https:\/\/bsa.mintmedias.no\/wp-content\/uploads\/2021\/12\/IMG_7312_edited-300x198.jpg 300w, https:\/\/bsa.mintmedias.no\/wp-content\/uploads\/2021\/12\/IMG_7312_edited-1024x674.jpg 1024w, https:\/\/bsa.mintmedias.no\/wp-content\/uploads\/2021\/12\/IMG_7312_edited-768x506.jpg 768w, https:\/\/bsa.mintmedias.no\/wp-content\/uploads\/2021\/12\/IMG_7312_edited-1536x1012.jpg 1536w\" sizes=\"(max-width: 1649px) 100vw, 1649px\" \/><\/figure><div class=\"stk-block-card__content\"><div class=\"stk-block-content stk-inner-blocks\">\n<h2 id=\"contact\" style=\"font-style:normal;font-weight:600;text-transform:uppercase\">Kontakt<\/h2>\n\n\n\n<div class=\"wp-block-stackable-text stk-block-text stk-block stk-fdaa1cd\" data-block-id=\"fdaa1cd\"><p class=\"stk-block-text__text\">Har du noen sp\u00f8rsm\u00e5l? Vi vil gjerne h\u00f8re fra deg. Kontakt v\u00e5rt kontor i Norge eller Storbritannia<\/p><\/div>\n\n\n\n<div class=\"wp-container-16 wp-block-buttons\">\n<div class=\"wp-block-button\"><a class=\"wp-block-button__link\" href=\"https:\/\/bsa.mintmedias.no\/nb\/contact\/\">Kontakt oss<\/a><\/div>\n<\/div>\n<\/div><\/div><\/div><\/div>\n<\/div>\n<\/div>\n<\/div>\n<\/div>\n\n\n\n<p><\/p>","protected":false},"excerpt":{"rendered":"<p>Our services BSA Offshore is an independent consulting company, providing services to offshore, subsea and maritime industry. The company founders, managers and key personnel has more than 30&nbsp;years of experience from offshore, subsea and maritime industry.&nbsp; we offer specialist services BSA Offshore AS offers specialist services and consultants within a number of categories and positions. &hellip;<\/p>\n<p class=\"read-more\"> <a class=\"\" href=\"https:\/\/bsa.mintmedias.no\/nb\/\"> <span class=\"screen-reader-text\">BSA<\/span> Les mer &raquo;<\/a><\/p>","protected":false},"author":1,"featured_media":0,"parent":0,"menu_order":0,"comment_status":"closed","ping_status":"closed","template":"","meta":{"_eb_attr":""},"featured_image_urls":{"full":"","thumbnail":"","medium":"","medium_large":"","large":"","1536x1536":"","2048x2048":"","trp-custom-language-flag":""},"post_excerpt_stackable":"<p>bsa offshore Our goal is to emerge as a provider of services to the Offshore\/Subsea markets Services Contact Our services BSA Offshore is an independent consulting company, providing services to offshore, subsea and maritime industry. The company founders, managers and key personnel has more than 30&nbsp;years of experience from offshore, subsea and maritime industry.&nbsp; Our services we offer specialist services BSA Offshore AS offers specialist services and consultants within a number of categories and positions. All listed categories are subject to availability. Services BSA Offshore AS offers specialist services and consultants within a number of categories and positions. Services Career&hellip;<\/p>\n","category_list":"","author_info":{"name":"webmaster","url":"https:\/\/bsa.mintmedias.no\/nb\/author\/webmaster\/"},"comments_num":"0 kommentarer","featured_image_urls_v2":{"full":"","thumbnail":"","medium":"","medium_large":"","large":"","1536x1536":"","2048x2048":"","trp-custom-language-flag":""},"post_excerpt_stackable_v2":"<p>bsa offshore Our goal is to emerge as a provider of services to the Offshore\/Subsea markets Services Contact Our services BSA Offshore is an independent consulting company, providing services to offshore, subsea and maritime industry. The company founders, managers and key personnel has more than 30&nbsp;years of experience from offshore, subsea and maritime industry.&nbsp; Our services we offer specialist services BSA Offshore AS offers specialist services and consultants within a number of categories and positions. All listed categories are subject to availability. Services BSA Offshore AS offers specialist services and consultants within a number of categories and positions. Services Career&hellip;<\/p>\n","category_list_v2":"","author_info_v2":{"name":"webmaster","url":"https:\/\/bsa.mintmedias.no\/nb\/author\/webmaster\/"},"comments_num_v2":"0 kommentarer","_links":{"self":[{"href":"https:\/\/bsa.mintmedias.no\/nb\/wp-json\/wp\/v2\/pages\/1148"}],"collection":[{"href":"https:\/\/bsa.mintmedias.no\/nb\/wp-json\/wp\/v2\/pages"}],"about":[{"href":"https:\/\/bsa.mintmedias.no\/nb\/wp-json\/wp\/v2\/types\/page"}],"author":[{"embeddable":true,"href":"https:\/\/bsa.mintmedias.no\/nb\/wp-json\/wp\/v2\/users\/1"}],"replies":[{"embeddable":true,"href":"https:\/\/bsa.mintmedias.no\/nb\/wp-json\/wp\/v2\/comments?post=1148"}],"version-history":[{"count":290,"href":"https:\/\/bsa.mintmedias.no\/nb\/wp-json\/wp\/v2\/pages\/1148\/revisions"}],"predecessor-version":[{"id":2180,"href":"https:\/\/bsa.mintmedias.no\/nb\/wp-json\/wp\/v2\/pages\/1148\/revisions\/2180"}],"wp:attachment":[{"href":"https:\/\/bsa.mintmedias.no\/nb\/wp-json\/wp\/v2\/media?parent=1148"}],"curies":[{"name":"wp","href":"https:\/\/api.w.org\/{rel}","templated":true}]}}